{"id":188,"date":"2014-02-23T13:44:06","date_gmt":"2014-02-23T13:44:06","guid":{"rendered":"http:\/\/www.kungfu-boxerclub.de\/wordpress\/?page_id=188"},"modified":"2019-02-09T21:10:23","modified_gmt":"2019-02-09T19:10:23","slug":"jago-neuparth","status":"publish","type":"page","link":"http:\/\/www.kungfu-boxerclub.de\/wordpress\/lehrertrainer\/trainer\/jago-neuparth\/","title":{"rendered":"JAGO NEUPARTH"},"content":{"rendered":"<p align=\"LEFT\"><span style=\"color: #000000; font-size: 12pt;\"><span style=\"font-family: 'Times New Roman', serif;\">Durch einen Freund aus der Tanzschule gelangte Si Hing Jago im Jahr 2006 in ein ganz normales Dienstagstraining in der Kung Fu Schule von Sifu Peter Fr\u00f6mke .<\/span><\/span><\/p>\n<p align=\"LEFT\"><span style=\"color: #000000; font-size: 12pt;\"><span style=\"font-family: 'Times New Roman', serif;\">Durch das k\u00f6rperlich anspruchsvolle Konditions- und Krafttraining angelockt ging er in den folgenden Jahren mit zunehmendem Interesse dem Studium der Kampfkunst nach.<\/span><\/span><\/p>\n<p align=\"LEFT\"><span style=\"color: #000000; font-size: 12pt;\"><span style=\"font-family: 'Times New Roman', serif;\">Sein t\u00e4glich anspruchsvoller Weg begann zuerst mit der Ausbildung der grundlegenden und ausf\u00fchrlichen K\u00f6rperarbeit. Dieser traditionelle, in den Kampfk\u00fcnsten verankerter Teil, faszinierte ihn als Heranwachsender besonders stark. Er erm\u00f6glichte ihm sich stetig zu fordern, sich vom Alltag frei zu machen und eine \u00fcberdurchschnittliche Sportlichkeit auszubilden.<\/span><\/span><\/p>\n<p align=\"LEFT\"><span style=\"color: #000000; font-size: 12pt;\"><span style=\"font-family: 'Times New Roman', serif;\">Als der jugendliche Drang nach Messen und Wettkampf der erwachsen Auseinandersetzung mit der eigenen Person wich, r\u00fcckten andere Aspekte des Trainings mehr in den Fokus: Ohne die entscheidende k\u00f6rperliche Grundlage je zu vergessen, wurde die Aufmerksamkeit mehr auf die traditionellen Kung Fu-Formen und das intensive Techniktraining gelegt. Er verbesserte sich stetig im Training und auf regelm\u00e4\u00dfig stattfindenden Lehrg\u00e4ngen, unter anderem beim Gro\u00dfmeister Lee Kam Wing aus Hong Kong,<\/span><\/span><\/p>\n<p align=\"LEFT\"><span style=\"color: #000000; font-size: 12pt;\"><span style=\"font-family: 'Times New Roman', serif;\">Im Jahr 2009 \u00fcbernahm Si Hing Jago sein erstes Mini-Kung Fu-Training. Es war eine neue Erfahrung pl\u00f6tzlich selbst Wissen weiterzugeben und f\u00fcr die Kinder in diesen Gruppen verantwortlich zu sein.<\/span><\/span><\/p>\n<p align=\"LEFT\"><span style=\"color: #000000; font-size: 12pt;\"><span style=\"font-family: 'Times New Roman', serif;\">Als die ersten Herausforderungen gemeistert waren und die Trainingszeit von anfangs mehreren Stunden w\u00f6chentliche auf mehrere Stunden am Tag herangewachsen war taten sich wieder neue Pr\u00fcfungen auf. Denn ab 2012 unterrichtete er, neben hinzugekommenen Jugendlichengruppen, eine integrative Gruppe, in der behinderte Menschen und Menschen mit Lernschwierigkeiten zusammen die Welt des Sieben-Sterne-Gottesanbeterin-Kung Fu kennen lernen k\u00f6nnen.<\/span><\/span><\/p>\n<p align=\"LEFT\"><span style=\"color: #000000; font-size: 12pt;\"><span style=\"font-family: 'Times New Roman', serif;\">Zus\u00e4tzlich zum Kung Fu lernte er auch die Bewegungswelt des Tai Chi und des Qi Gong kennen. Besonders das Tai Chi- und Meditationstraining waren und sind f\u00fcr ihn eine packende Herausforderung die ihn an neue spannende Grenzen brachte.<\/span><\/span><\/p>\n<p align=\"LEFT\"><span style=\"color: #000000; font-size: 12pt;\"><span style=\"font-family: 'Times New Roman', serif;\">Doch die Welt des Kung Fu war noch lange nicht ausgereizt.<\/span><\/span><\/p>\n<p align=\"LEFT\"><span style=\"color: #000000; font-size: 12pt;\"><span style=\"font-family: 'Times New Roman', serif;\">2013 wurde der jugendliche Wettbewerbseifer wieder erweckt, denn in diesem Jahr nahm Si Hing Jago das erste Mal an den deutschen traditionellen Kung Fu Meisterschaften teil, die der Verband f\u00fcr chinesische Kampfk\u00fcnste (VFCK) ausrichtete und erreichte den 2. Platz in der Kategorie Handformen.<\/span><\/span><\/p>\n<div id=\":1mx\" dir=\"LTR\">\n<p><span style=\"font-size: 12pt;\"><img decoding=\"async\" loading=\"lazy\" src=\"https:\/\/ssl.gstatic.com\/ui\/v1\/icons\/mail\/images\/cleardot.gif\" width=\"1\" height=\"1\" name=\"Grafik1\" align=\"BOTTOM\" border=\"0\" \/><\/span><\/p>\n<\/div>\n<p align=\"LEFT\"><span style=\"color: #000000; font-size: 12pt;\"><span style=\"font-family: 'Times New Roman', serif;\">Nachdem dieser Anreiz gesetzt war bereitete er sich auf das n\u00e4chste Jahr, auch in anderen Kategorien, vor, unter anderem im Sanda, dem chinesischen Freikampf.<\/span><\/span><\/p>\n<p align=\"LEFT\"><span style=\"color: #000000; font-size: 12pt;\"><span style=\"font-family: 'Times New Roman', serif;\">Neben dem t\u00e4glichen Training leistete er auch seinen Teil bei diversen Auftritten mit dem Show-Team der Schule, unter Anderem auf der G\u00f6ttinger Gesundheitsmesse. Im Folgenden einige seiner Turniererfolge aus den letzten Jahren:<\/span><\/span><\/p>\n<p><span style=\"font-family: 'Times New Roman', serif; font-size: 12pt;\"><b>2018<\/b><\/span><\/p>\n<p>Deutsche Seven Star Mantis Kung Fu Meisterschaft<\/p>\n<p><span style=\"font-family: 'Times New Roman', serif; font-size: 12pt;\">Deutscher Meister, 1. Platz Tai Chi 24 Peking Form, 1. Platz Tai Chi 32 Schwert Form, 2. Platz Sanda Schwarzgurt,\u00a03. Platz Flexible Waffen<\/span><\/p>\n<p><span style=\"font-family: 'Times New Roman', serif; font-size: 12pt;\"><b>2017<\/b><\/span><\/p>\n<p>Deutsche Seven Star Mantis Kung Fu Meisterschaft<\/p>\n<p><span style=\"font-family: 'Times New Roman', serif; font-size: 12pt;\">1. Platz Sanshu, 2. Platz Waffenform, 3. Platz Tai Chi Hand, 3. Platz Tai Chi Waffe,\u00a0<\/span><\/p>\n<p><span style=\"font-family: 'Times New Roman', serif; font-size: 12pt;\"><b>2016<\/b><\/span><\/p>\n<p>Deutsche Seven Star Mantis Kung Fu Meisterschaft<\/p>\n<p><span style=\"font-family: 'Times New Roman', serif; font-size: 12pt;\">1. Platz Waffenform, 1. Platz Handform, 2. Platz Sanda,\u00a0<\/span><\/p>\n<p><span style=\"font-family: 'Times New Roman', serif; font-size: 12pt;\">Dacascos<\/span><\/p>\n<p><span style=\"font-family: 'Times New Roman', serif; font-size: 12pt;\">2. Platz Form, 3. Platz Form, 3. Platz Form<\/span><\/p>\n<p><span style=\"font-family: 'Times New Roman', serif; font-size: 12pt;\"><b>2015<\/b><\/span><\/p>\n<p><span style=\"font-family: 'Times New Roman', serif; font-size: 12pt;\">Deutsche Seven Star Mantis Kung Fu Meisterschaft<\/span><\/p>\n<p><span style=\"font-family: 'Times New Roman', serif; font-size: 12pt;\">Deutscher Sch\u00fcler Meister, 1. Platz Partnerform, 1. Platz Waffenform, 1. Platz Handform, 1. Platz Waffenpartnerform, 1. Platz Tai Chi Handform, 3. Platz Sanshu<\/span><\/p>\n<p><span style=\"font-family: 'Times New Roman', serif; font-size: 12pt;\"><b>2014<\/b><\/span><\/p>\n<p>Deutsche Seven Star Mantis Kung Fu Meisterschaft<\/p>\n<p><span style=\"font-family: 'Times New Roman', serif; font-size: 12pt;\">1. Platz Partnerform, 2. Platz Waffenform, 3. Platz Handform,\u00a0<\/span><\/p>\n<p><span style=\"font-family: 'Times New Roman', serif; font-size: 12pt;\">VFCK<\/span><\/p>\n<p><span style=\"font-family: 'Times New Roman', serif; font-size: 12pt;\">1. Platz Handform, 1. Platz Waffenform, 2. Platz Sanda, 3. Platz Waffenpartnerform,\u00a0<\/span><\/p>\n<p><span style=\"font-family: 'Times New Roman', serif; font-size: 12pt;\"><b>2013<\/b><\/span><\/p>\n<p><span style=\"font-family: 'Times New Roman', serif; font-size: 12pt;\">VFCK Siegen<\/span><\/p>\n<p><span style=\"font-family: 'Times New Roman', serif; font-size: 12pt;\">2. Platz Form<\/span><\/p>\n<p style=\"text-align: left;\"><span style=\"font-size: 12pt;\">\u00a0<\/span><\/p>\n","protected":false},"excerpt":{"rendered":"<p>Durch einen Freund aus der Tanzschule gelangte Si Hing Jago im Jahr 2006 in ein ganz normales Dienstagstraining in der Kung Fu Schule von Sifu Peter Fr\u00f6mke . Durch das k\u00f6rperlich anspruchsvolle Konditions- und Krafttraining angelockt ging er in den folgenden Jahren mit zunehmendem Interesse dem Studium der Kampfkunst nach. [&hellip;]<\/p>\n","protected":false},"author":5,"featured_media":0,"parent":169,"menu_order":49,"comment_status":"closed","ping_status":"closed","template":"template-sidebar-left.php","meta":[],"_links":{"self":[{"href":"http:\/\/www.kungfu-boxerclub.de\/wordpress\/wp-json\/wp\/v2\/pages\/188"}],"collection":[{"href":"http:\/\/www.kungfu-boxerclub.de\/wordpress\/wp-json\/wp\/v2\/pages"}],"about":[{"href":"http:\/\/www.kungfu-boxerclub.de\/wordpress\/wp-json\/wp\/v2\/types\/page"}],"author":[{"embeddable":true,"href":"http:\/\/www.kungfu-boxerclub.de\/wordpress\/wp-json\/wp\/v2\/users\/5"}],"replies":[{"embeddable":true,"href":"http:\/\/www.kungfu-boxerclub.de\/wordpress\/wp-json\/wp\/v2\/comments?post=188"}],"version-history":[{"count":11,"href":"http:\/\/www.kungfu-boxerclub.de\/wordpress\/wp-json\/wp\/v2\/pages\/188\/revisions"}],"predecessor-version":[{"id":1602,"href":"http:\/\/www.kungfu-boxerclub.de\/wordpress\/wp-json\/wp\/v2\/pages\/188\/revisions\/1602"}],"up":[{"embeddable":true,"href":"http:\/\/www.kungfu-boxerclub.de\/wordpress\/wp-json\/wp\/v2\/pages\/169"}],"wp:attachment":[{"href":"http:\/\/www.kungfu-boxerclub.de\/wordpress\/wp-json\/wp\/v2\/media?parent=188"}],"curies":[{"name":"wp","href":"https:\/\/api.w.org\/{rel}","templated":true}]}}