{"id":192,"date":"2014-02-23T13:48:25","date_gmt":"2014-02-23T13:48:25","guid":{"rendered":"http:\/\/www.kungfu-boxerclub.de\/wordpress\/?page_id=192"},"modified":"2018-10-09T14:08:44","modified_gmt":"2018-10-09T12:08:44","slug":"chat-sing-tong-long-kuen","status":"publish","type":"page","link":"http:\/\/www.kungfu-boxerclub.de\/wordpress\/kung-fu\/chat-sing-tong-long-kuen\/","title":{"rendered":"CHAT TSING TONG LONG KUEN"},"content":{"rendered":"<div id=\"attachment_678\" style=\"width: 310px\" class=\"wp-caption alignnone\"><a href=\"http:\/\/www.kungfu-boxerclub.de\/wordpress\/wp-content\/uploads\/8-MBildBild-034-Licht-3.jpg\" rel=\"lightbox-0\"><img aria-describedby=\"caption-attachment-678\" decoding=\"async\" loading=\"lazy\" class=\"size-medium wp-image-678\" src=\"http:\/\/www.kungfu-boxerclub.de\/wordpress\/wp-content\/uploads\/8-MBildBild-034-Licht-3-300x201.jpg\" alt=\"Sifu P. Fr\u00f6mke\" width=\"300\" height=\"200\" \/><\/a><p id=\"caption-attachment-678\" class=\"wp-caption-text\">Sifu P. Fr\u00f6mke<\/p><\/div>\n<p>Kung Fu \u00fcbersetzt bedeutet soviel wie \u201charte Arbeit\u201d und ist die Bezeichnung f\u00fcr die Kampfk\u00fcnste die in China ihren Ursprung haben. Das Northern Shaolin Seven Star Mantis Kung Fu (chin. Chat Tsing Tong Long Kuen) ist ein uraltes chinesisches Kampf- und Gesundheitssystem und geht \u00fcber die normale Fitness weit hinaus. Vom Freizeitsportler bis hin zum ambitionierten Leistungssportler findet hier jeder das was er sucht, d.h. es sind keine k\u00f6rperlichen Grenzen gesetzt. Beim Sieben Sterne Gottesanbeterin Kung Fu handelt es sich um einen traditionellen Familien-Stil, welcher von Sifu P. Fr\u00f6mke unterrichtet und weitergegeben wird.<\/p>\n<p>Es geht im Kung Fu um die Schulung von K\u00f6rper, Geist und Atmung, die zu einer faszinierenden Einheit verschmelzen, die zus\u00e4tzlich durch die erhabene Sch\u00f6nheit der runden Bewegung k\u00fcnstlerischen Ausdruck findet. Das Kung Fu der Sieben Sterne Gottesanbeterin ist eines der effektivsten Kampf- und Selbstverteidigungssysteme weltweit. Ge\u00fcbt werden traditionelle chinesische Hand- und Waffenformen. Aus diesen Formen ergibt sich ein systematisches Kampfkunstsystem, welches eine gro\u00dfe Palette von Partner\u00fcbungen beinhaltet, die ihren Ausdruck sowohl im harmonischen Zusammenspiel als auch in der Anwendung im Ernstfall finden, bis hin zu sportlichen Wettk\u00e4mpfen.<\/p>\n<p>Authentisches, traditionelles Kung Fu kann nur von einem wahren Meister gelehrt werden. Sifu P. Fr\u00f6mke ist ein Meister des Kung Fu, des Tai Chi Chuan, des Qi Gong und ein Lehrer des Chan-(Zen)-Buddhismus in der 8. Generation. Bei ihm handelt es sich um einen sehr renommierten und den h\u00f6chstgraduierten Vertreter seiner Zeit, sowie einen Mentor, Coach, Mediator und Ratgeber. Sein Wissen gibt er weit \u00fcber die Grenzen Deutschlands an eine Vielzahl von Sch\u00fclern weiter. Er lehrt seinen traditionellen Familien-Stil in Verbindung mit den fern\u00f6stlichen Philosophien (z.B. Buddhismus, Daoismus, Konfuzianismus).<\/p>\n<p>Seid fr\u00fchester Jugend studierte er die chinesische Kampfkunst, Philosophie und Meditation (unter anderem im bekannten Shaolin Kloster) und f\u00fchrt seither sein Leben f\u00fcr und mit der Kampfkunst. Er war direkter Meister-Sch\u00fcler des weltbekannten und vielleicht ber\u00fchmtesten chinesischen Gro\u00dfmeisters Lee Kam Wing aus China. Von ihm erlernte er in famili\u00e4rer Vertrautheit, als einer der wenigen, den kompletten Kung Fu Stil und ist heute sein direkter Nachfolger. Er beendete als j\u00fcngster Closed-Door-Master (Tr\u00e4ger des Geheimwissens) seine Ausbildung und unterrichtet nun seit \u00fcber 20 Jahren das Northern Shaolin Seven Star Mantis Kung Fu.<\/p>\n","protected":false},"excerpt":{"rendered":"<p>Kung Fu \u00fcbersetzt bedeutet soviel wie \u201charte Arbeit\u201d und ist die Bezeichnung f\u00fcr die Kampfk\u00fcnste die in China ihren Ursprung haben. Das Northern Shaolin Seven Star Mantis Kung Fu (chin. Chat Tsing Tong Long Kuen) ist ein uraltes chinesisches Kampf- und Gesundheitssystem und geht \u00fcber die normale Fitness weit hinaus. [&hellip;]<\/p>\n","protected":false},"author":5,"featured_media":0,"parent":14,"menu_order":48,"comment_status":"closed","ping_status":"open","template":"template-sidebar-left.php","meta":[],"_links":{"self":[{"href":"http:\/\/www.kungfu-boxerclub.de\/wordpress\/wp-json\/wp\/v2\/pages\/192"}],"collection":[{"href":"http:\/\/www.kungfu-boxerclub.de\/wordpress\/wp-json\/wp\/v2\/pages"}],"about":[{"href":"http:\/\/www.kungfu-boxerclub.de\/wordpress\/wp-json\/wp\/v2\/types\/page"}],"author":[{"embeddable":true,"href":"http:\/\/www.kungfu-boxerclub.de\/wordpress\/wp-json\/wp\/v2\/users\/5"}],"replies":[{"embeddable":true,"href":"http:\/\/www.kungfu-boxerclub.de\/wordpress\/wp-json\/wp\/v2\/comments?post=192"}],"version-history":[{"count":8,"href":"http:\/\/www.kungfu-boxerclub.de\/wordpress\/wp-json\/wp\/v2\/pages\/192\/revisions"}],"predecessor-version":[{"id":1568,"href":"http:\/\/www.kungfu-boxerclub.de\/wordpress\/wp-json\/wp\/v2\/pages\/192\/revisions\/1568"}],"up":[{"embeddable":true,"href":"http:\/\/www.kungfu-boxerclub.de\/wordpress\/wp-json\/wp\/v2\/pages\/14"}],"wp:attachment":[{"href":"http:\/\/www.kungfu-boxerclub.de\/wordpress\/wp-json\/wp\/v2\/media?parent=192"}],"curies":[{"name":"wp","href":"https:\/\/api.w.org\/{rel}","templated":true}]}}