{"id":200,"date":"2014-02-23T13:50:18","date_gmt":"2014-02-23T13:50:18","guid":{"rendered":"http:\/\/www.kungfu-boxerclub.de\/wordpress\/?page_id=200"},"modified":"2015-09-07T12:51:49","modified_gmt":"2015-09-07T10:51:49","slug":"goettingen","status":"publish","type":"page","link":"http:\/\/www.kungfu-boxerclub.de\/wordpress\/staedte\/goettingen\/","title":{"rendered":"G\u00d6TTINGEN"},"content":{"rendered":"<p style=\"text-align: center;\"><strong><span style=\"font-size: x-large;\">Kampfkunstschule G\u00f6ttingen<\/span><\/strong><\/p>\n<p style=\"text-align: center;\">\u00a0<strong><span style=\"font-size: large;\">Erlernen Sie traditionelles Kung Fu, Tai Chi Chuan und Qi Gong auf h\u00f6chstem Niveau wie in China, bei Sifu (chin. Lehrmeister) Peter Fr\u00f6mke. <\/span><\/strong><\/p>\n<p style=\"text-align: center;\"><strong><span style=\"font-size: large;\">!Bis zu 6x Training in der Woche! <\/span><\/strong><\/p>\n<p style=\"text-align: center;\"><strong><span style=\"font-size: medium;\">Kontakt Sifu P. Fr\u00f6mke : 0176\/ 22892987 oder \u00fcber den ASC 1846 G\u00f6ttingen e.V.<\/span><\/strong><\/p>\n<p style=\"text-align: center;\">\n","protected":false},"excerpt":{"rendered":"<p>Kampfkunstschule G\u00f6ttingen \u00a0Erlernen Sie traditionelles Kung Fu, Tai Chi Chuan und Qi Gong auf h\u00f6chstem Niveau wie in China, bei Sifu (chin. Lehrmeister) Peter Fr\u00f6mke. !Bis zu 6x Training in der Woche! Kontakt Sifu P. Fr\u00f6mke : 0176\/ 22892987 oder \u00fcber den ASC 1846 G\u00f6ttingen e.V.<\/p>\n","protected":false},"author":5,"featured_media":0,"parent":196,"menu_order":44,"comment_status":"closed","ping_status":"open","template":"template-sidebar-left.php","meta":[],"_links":{"self":[{"href":"http:\/\/www.kungfu-boxerclub.de\/wordpress\/wp-json\/wp\/v2\/pages\/200"}],"collection":[{"href":"http:\/\/www.kungfu-boxerclub.de\/wordpress\/wp-json\/wp\/v2\/pages"}],"about":[{"href":"http:\/\/www.kungfu-boxerclub.de\/wordpress\/wp-json\/wp\/v2\/types\/page"}],"author":[{"embeddable":true,"href":"http:\/\/www.kungfu-boxerclub.de\/wordpress\/wp-json\/wp\/v2\/users\/5"}],"replies":[{"embeddable":true,"href":"http:\/\/www.kungfu-boxerclub.de\/wordpress\/wp-json\/wp\/v2\/comments?post=200"}],"version-history":[{"count":10,"href":"http:\/\/www.kungfu-boxerclub.de\/wordpress\/wp-json\/wp\/v2\/pages\/200\/revisions"}],"predecessor-version":[{"id":1303,"href":"http:\/\/www.kungfu-boxerclub.de\/wordpress\/wp-json\/wp\/v2\/pages\/200\/revisions\/1303"}],"up":[{"embeddable":true,"href":"http:\/\/www.kungfu-boxerclub.de\/wordpress\/wp-json\/wp\/v2\/pages\/196"}],"wp:attachment":[{"href":"http:\/\/www.kungfu-boxerclub.de\/wordpress\/wp-json\/wp\/v2\/media?parent=200"}],"curies":[{"name":"wp","href":"https:\/\/api.w.org\/{rel}","templated":true}]}}